{"id":12,"date":"2018-06-12T13:12:37","date_gmt":"2018-06-12T11:12:37","guid":{"rendered":"http:\/\/www.luehrs-werksvertretungen.de\/?page_id=12"},"modified":"2023-07-15T16:18:56","modified_gmt":"2023-07-15T14:18:56","slug":"startseite","status":"publish","type":"page","link":"https:\/\/www.luehrs-werksvertretungen.de\/","title":{"rendered":"Startseite"},"content":{"rendered":"<p>[et_pb_section fb_built=&#8220;1&#8243; _builder_version=&#8220;4.6.6&#8243; custom_padding=&#8220;|0px||0px|false|false&#8220;][et_pb_row column_structure=&#8220;1_2,1_2&#8243; _builder_version=&#8220;4.6.6&#8243; background_size=&#8220;initial&#8220; background_position=&#8220;top_left&#8220; background_repeat=&#8220;repeat&#8220; max_height=&#8220;263px&#8220; custom_margin=&#8220;|auto||auto|false|false&#8220; custom_padding=&#8220;7px||||false|false&#8220; animation_style=&#8220;flip&#8220; animation_duration=&#8220;750ms&#8220; animation_delay=&#8220;100ms&#8220; border_width_all=&#8220;4px&#8220; border_color_all=&#8220;#e02b20&#8243; border_style_all=&#8220;double&#8220; box_shadow_style=&#8220;preset1&#8243;][et_pb_column type=&#8220;1_2&#8243; _builder_version=&#8220;4.6.6&#8243; custom_padding=&#8220;|||&#8220; custom_padding__hover=&#8220;|||&#8220;][et_pb_image src=&#8220;https:\/\/www.luehrs-werksvertretungen.de\/wp-content\/uploads\/Verschleissteile.jpg&#8220; title_text=&#8220;Verschlei\u00dfteile&#8220; align=&#8220;center&#8220; align_tablet=&#8220;center&#8220; align_phone=&#8220;&#8220; align_last_edited=&#8220;on|desktop&#8220; _builder_version=&#8220;4.6.6&#8243; module_alignment=&#8220;center&#8220; max_height=&#8220;200px&#8220; custom_padding=&#8220;20px||||false|false&#8220;][\/et_pb_image][\/et_pb_column][et_pb_column type=&#8220;1_2&#8243; _builder_version=&#8220;3.25&#8243; custom_padding=&#8220;|||&#8220; custom_padding__hover=&#8220;|||&#8220;][et_pb_text _builder_version=&#8220;4.6.6&#8243;]<\/p>\n<p><span style=\"font-size: x-large; color: #000000;\"><\/span><\/p>\n<p>&nbsp;<\/p>\n<p><span style=\"font-size: x-large; color: #000000;\">Verschlei\u00dfteile im Nachbau:<\/br> <\/br> genauso gut, aber g\u00fcnstiger!<\/span><\/p>\n<p>[\/et_pb_text][et_pb_button button_url=&#8220;https:\/\/www.luehrs-werksvertretungen.de\/index.php\/verschleissteile\/&#8220; button_text=&#8220;Hier mehr erfahren&#8220; button_alignment=&#8220;left&#8220; admin_label=&#8220;Taste: Hier mehr erfahren&#8220; _builder_version=&#8220;4.6.6&#8243; box_shadow_style=&#8220;preset3&#8243; button_text_size__hover_enabled=&#8220;off&#8220; button_one_text_size__hover_enabled=&#8220;off&#8220; button_two_text_size__hover_enabled=&#8220;off&#8220; button_text_color__hover_enabled=&#8220;off&#8220; button_one_text_color__hover_enabled=&#8220;off&#8220; button_two_text_color__hover_enabled=&#8220;off&#8220; button_border_width__hover_enabled=&#8220;off&#8220; button_one_border_width__hover_enabled=&#8220;off&#8220; button_two_border_width__hover_enabled=&#8220;off&#8220; button_border_color__hover_enabled=&#8220;off&#8220; button_one_border_color__hover_enabled=&#8220;off&#8220; button_two_border_color__hover_enabled=&#8220;off&#8220; button_border_radius__hover_enabled=&#8220;off&#8220; button_one_border_radius__hover_enabled=&#8220;off&#8220; button_two_border_radius__hover_enabled=&#8220;off&#8220; button_letter_spacing__hover_enabled=&#8220;off&#8220; button_one_letter_spacing__hover_enabled=&#8220;off&#8220; button_two_letter_spacing__hover_enabled=&#8220;off&#8220; button_bg_color__hover_enabled=&#8220;off&#8220; button_one_bg_color__hover_enabled=&#8220;off&#8220; button_two_bg_color__hover_enabled=&#8220;off&#8220;][\/et_pb_button][\/et_pb_column][\/et_pb_row][et_pb_row _builder_version=&#8220;3.25&#8243; module_alignment=&#8220;center&#8220; custom_padding=&#8220;102px|0|56px|0px|false|false&#8220;][et_pb_column type=&#8220;4_4&#8243; _builder_version=&#8220;3.25&#8243; custom_padding=&#8220;|||&#8220; custom_padding__hover=&#8220;|||&#8220;][et_pb_text admin_label=&#8220;\u00dcberschrift + Video OPaLL-AGRI&#8220; _builder_version=&#8220;3.27.4&#8243; text_font=&#8220;||||||||&#8220; box_shadow_style=&#8220;preset3&#8243;]<\/p>\n<p style=\"text-align: center;\"><span style=\"font-size: large;\">Sehen Sie in diesem Video: <\/span><\/p>\n<p style=\"text-align: center;\"><span style=\"font-size: large;\"><strong>M\u00e4dels im Einsatz auf der Farm mit Maschinen von OPaLL-AGRI<\/strong><\/span><\/p>\n<p style=\"text-align: center;\"><iframe loading=\"lazy\" src=\"https:\/\/www.youtube-nocookie.com\/embed\/Uh1R-UbC8Ko?rel=0&amp;showinfo=0\" width=\"860\" height=\"484\" frameborder=\"0\" allowfullscreen=\"allowfullscreen\"><\/iframe><\/p>\n<p>[\/et_pb_text][\/et_pb_column][\/et_pb_row][et_pb_row _builder_version=&#8220;3.25&#8243; custom_padding=&#8220;27px|0px|18px|0px|false|false&#8220;][et_pb_column type=&#8220;4_4&#8243; _builder_version=&#8220;3.25&#8243; custom_padding=&#8220;|||&#8220; custom_padding__hover=&#8220;|||&#8220;][et_pb_text admin_label=&#8220;\u00dcberschrift Firma L\u00fchrs Werksvertretungen&#8220; _builder_version=&#8220;3.27.4&#8243;]<\/p>\n<h2 style=\"text-align: center;\">\u00a0L\u00fchrs Werksvertretungen &#8211; Ihr OPaLL-AGRI H\u00e4ndler in Deutschland<\/h2>\n<p>&nbsp;<br \/>\n[\/et_pb_text][\/et_pb_column][\/et_pb_row][et_pb_row column_structure=&#8220;1_3,2_3&#8243; _builder_version=&#8220;3.25&#8243; background_size=&#8220;initial&#8220; background_position=&#8220;top_left&#8220; background_repeat=&#8220;repeat&#8220;][et_pb_column type=&#8220;1_3&#8243; _builder_version=&#8220;3.25&#8243; custom_padding=&#8220;|||&#8220; custom_padding__hover=&#8220;|||&#8220;][et_pb_blurb _builder_version=&#8220;4.0.6&#8243;]<span style=\"font-size: large;\"><\/p>\n<p>Der tschechische Hersteller OPaLL-AGRI hat sich seit Jahrzehnten auf Bodenbearbeitungsger\u00e4te spezialisiert.<\/span><\/p>\n<p><span style=\"font-family: inherit; font-weight: normal; font-size: large;\">Die gro\u00dfe Nachfrage gibt dem Hersteller Recht. Best\u00e4ndig konnte das Unternehmen seine Produktion ausbauen.<\/span><\/p>\n<p><span style=\"font-family: inherit; font-weight: normal; font-size: large;\">Die komplette Produktpalette von OPaLL-AGRI besticht durch ein sehr gutes Preis-\/ Leistungsverh\u00e4ltnis.\u00a0<\/span>[\/et_pb_blurb][\/et_pb_column][et_pb_column type=&#8220;2_3&#8243; _builder_version=&#8220;3.25&#8243; custom_padding=&#8220;|||&#8220; custom_padding__hover=&#8220;|||&#8220;][et_pb_text _builder_version=&#8220;4.0.6&#8243;]<iframe loading=\"lazy\" width=\"460\" height=\"215\" src=\"https:\/\/www.youtube.com\/embed\/RtnPelKOySk\" frameborder=\"0\" allow=\"accelerometer; autoplay; encrypted-media; gyroscope; picture-in-picture\" allowfullscreen><\/iframe>[\/et_pb_text][\/et_pb_column][\/et_pb_row][et_pb_row _builder_version=&#8220;3.25&#8243; background_size=&#8220;initial&#8220; background_position=&#8220;top_left&#8220; background_repeat=&#8220;repeat&#8220; custom_padding=&#8220;27px|0px|54px|0px|false|false&#8220;][et_pb_column type=&#8220;4_4&#8243; _builder_version=&#8220;3.25&#8243; custom_padding=&#8220;|||&#8220; custom_padding__hover=&#8220;|||&#8220;][et_pb_text admin_label=&#8220;Vorstellung Firma L\u00fchrs Werksvertretungen&#8220; _builder_version=&#8220;3.27.4&#8243;]<\/p>\n<p><span style=\"font-size: large;\">Neben \u00fcberzeugenden Maschinen bieten wir von L\u00fchrs Werksvertretungen Ihnen kompetente, pers\u00f6nliche Fachberatung und einen erstklassigen Service. <\/span><\/p>\n<p><span style=\"font-size: large;\">Bei uns sind Sie kein Interessent im optimierten Verkaufsprozess, sondern ein Landwirt mit einer Aufgabe, den wir bestm\u00f6glichst unterst\u00fctzen m\u00f6chten.\u00a0<\/span><\/p>\n<p>[\/et_pb_text][et_pb_button button_url=&#8220;https:\/\/www.luehrs-werksvertretungen.de\/index.php\/wir-ueber-uns\/&#8220; button_text=&#8220;Wir \u00fcber uns&#8220; button_alignment=&#8220;center&#8220; admin_label=&#8220;Taste: Wir \u00fcber uns&#8220; _builder_version=&#8220;3.16&#8243; box_shadow_style=&#8220;preset3&#8243; button_text_size__hover_enabled=&#8220;off&#8220; button_one_text_size__hover_enabled=&#8220;off&#8220; button_two_text_size__hover_enabled=&#8220;off&#8220; button_text_color__hover_enabled=&#8220;off&#8220; button_one_text_color__hover_enabled=&#8220;off&#8220; button_two_text_color__hover_enabled=&#8220;off&#8220; button_border_width__hover_enabled=&#8220;off&#8220; button_one_border_width__hover_enabled=&#8220;off&#8220; button_two_border_width__hover_enabled=&#8220;off&#8220; button_border_color__hover_enabled=&#8220;off&#8220; button_one_border_color__hover_enabled=&#8220;off&#8220; button_two_border_color__hover_enabled=&#8220;off&#8220; button_border_radius__hover_enabled=&#8220;off&#8220; button_one_border_radius__hover_enabled=&#8220;off&#8220; button_two_border_radius__hover_enabled=&#8220;off&#8220; button_letter_spacing__hover_enabled=&#8220;off&#8220; button_one_letter_spacing__hover_enabled=&#8220;off&#8220; button_two_letter_spacing__hover_enabled=&#8220;off&#8220; button_bg_color__hover_enabled=&#8220;off&#8220; button_one_bg_color__hover_enabled=&#8220;off&#8220; button_two_bg_color__hover_enabled=&#8220;off&#8220;][\/et_pb_button][\/et_pb_column][\/et_pb_row][et_pb_row _builder_version=&#8220;3.25&#8243; custom_padding=&#8220;0|0px|0|0px|false|false&#8220;][et_pb_column type=&#8220;4_4&#8243; _builder_version=&#8220;3.25&#8243; background_color=&#8220;#bb1818&#8243; custom_padding=&#8220;|||&#8220; custom_padding__hover=&#8220;|||&#8220;][et_pb_cta title=&#8220;Nehmen auch Sie uns beim Wort: &#8220; button_text=&#8220;Click Here&#8220; _builder_version=&#8220;3.16&#8243; background_color=&#8220;#9c1c18&#8243; min_height=&#8220;161px&#8220; custom_margin=&#8220;||-3px|||&#8220; custom_padding=&#8220;||23px|||&#8220; saved_tabs=&#8220;all&#8220; button_text_size__hover_enabled=&#8220;off&#8220; button_one_text_size__hover_enabled=&#8220;off&#8220; button_two_text_size__hover_enabled=&#8220;off&#8220; button_text_color__hover_enabled=&#8220;off&#8220; button_one_text_color__hover_enabled=&#8220;off&#8220; button_two_text_color__hover_enabled=&#8220;off&#8220; button_border_width__hover_enabled=&#8220;off&#8220; button_one_border_width__hover_enabled=&#8220;off&#8220; button_two_border_width__hover_enabled=&#8220;off&#8220; button_border_color__hover_enabled=&#8220;off&#8220; button_one_border_color__hover_enabled=&#8220;off&#8220; button_two_border_color__hover_enabled=&#8220;off&#8220; button_border_radius__hover_enabled=&#8220;off&#8220; button_one_border_radius__hover_enabled=&#8220;off&#8220; button_two_border_radius__hover_enabled=&#8220;off&#8220; button_letter_spacing__hover_enabled=&#8220;off&#8220; button_one_letter_spacing__hover_enabled=&#8220;off&#8220; button_two_letter_spacing__hover_enabled=&#8220;off&#8220; button_bg_color__hover_enabled=&#8220;off&#8220; button_one_bg_color__hover_enabled=&#8220;off&#8220; button_two_bg_color__hover_enabled=&#8220;off&#8220;]<\/p>\n<h1><\/h1>\n<h1><strong>04203 783477<\/strong><\/h1>\n<p>[\/et_pb_cta][\/et_pb_column][\/et_pb_row][et_pb_row column_structure=&#8220;1_3,1_3,1_3&#8243; _builder_version=&#8220;4.6.6&#8243; _module_preset=&#8220;default&#8220; hover_enabled=&#8220;0&#8243; custom_margin=&#8220;30px||10px||false|false&#8220; sticky_enabled=&#8220;0&#8243;][et_pb_column type=&#8220;1_3&#8243; _builder_version=&#8220;4.6.6&#8243; _module_preset=&#8220;default&#8220; hover_enabled=&#8220;0&#8243; sticky_enabled=&#8220;0&#8243;][et_pb_image src=&#8220;https:\/\/www.luehrs-werksvertretungen.de\/wp-content\/uploads\/logo-opall-agri.png&#8220; title_text=&#8220;logo &#8211; opall agri&#8220; _builder_version=&#8220;4.6.6&#8243; _module_preset=&#8220;default&#8220; hover_enabled=&#8220;0&#8243; sticky_enabled=&#8220;0&#8243;][\/et_pb_image][\/et_pb_column][et_pb_column type=&#8220;1_3&#8243; _builder_version=&#8220;4.6.6&#8243; _module_preset=&#8220;default&#8220;][et_pb_image src=&#8220;https:\/\/www.luehrs-werksvertretungen.de\/wp-content\/uploads\/logo-breviagri.png&#8220; title_text=&#8220;logo &#8211; breviagri&#8220; _builder_version=&#8220;4.6.6&#8243; _module_preset=&#8220;default&#8220;][\/et_pb_image][\/et_pb_column][et_pb_column type=&#8220;1_3&#8243; _builder_version=&#8220;4.6.6&#8243; _module_preset=&#8220;default&#8220;][et_pb_image src=&#8220;https:\/\/www.luehrs-werksvertretungen.de\/wp-content\/uploads\/logo-quivogne-2.png&#8220; title_text=&#8220;logo &#8211; quivogne 2&#8243; align=&#8220;center&#8220; _builder_version=&#8220;4.6.6&#8243; _module_preset=&#8220;default&#8220;][\/et_pb_image][\/et_pb_column][\/et_pb_row][et_pb_row column_structure=&#8220;1_3,2_3&#8243; _builder_version=&#8220;3.25&#8243; background_size=&#8220;initial&#8220; background_position=&#8220;top_left&#8220; background_repeat=&#8220;repeat&#8220; custom_padding=&#8220;64px|0px|27px|0px|false|false&#8220;][et_pb_column type=&#8220;1_3&#8243; _builder_version=&#8220;3.25&#8243; custom_padding=&#8220;|||&#8220; custom_padding__hover=&#8220;|||&#8220;][et_pb_image src=&#8220;https:\/\/www.luehrs-werksvertretungen.de\/wp-content\/uploads\/Verschlei\u00dfteile.jpg&#8220; align_tablet=&#8220;center&#8220; align_phone=&#8220;&#8220; align_last_edited=&#8220;on|desktop&#8220; _builder_version=&#8220;3.23&#8243;][\/et_pb_image][\/et_pb_column][et_pb_column type=&#8220;2_3&#8243; _builder_version=&#8220;3.25&#8243; custom_padding=&#8220;|||&#8220; custom_padding__hover=&#8220;|||&#8220;][et_pb_text _builder_version=&#8220;3.27.4&#8243;]<\/p>\n<p><span style=\"font-size: x-large; color: #000000;\"><\/span><\/p>\n<p><span style=\"font-size: x-large; color: #000000;\">Verschlei\u00dfteile im Nachbau<\/span><\/p>\n<p><span style=\"font-size: x-large; color: #000000;\"><\/span><\/p>\n<p><span style=\"font-size: large; color: #666666;\">Wir bieten Ihnen sehr attraktive Preise auf Verschlei\u00dfteile im Nachbau. <\/span><\/p>\n<p><span style=\"font-size: large; color: #666666;\">Testen Sie uns!<\/span><\/p>\n<p>[\/et_pb_text][et_pb_button button_url=&#8220;https:\/\/www.luehrs-werksvertretungen.de\/index.php\/verschleissteile\/&#8220; button_text=&#8220;Verschlei\u00dfteile im Nachbau&#8220; button_alignment=&#8220;center&#8220; admin_label=&#8220;Taste: Verschlei\u00dfteile im Nachbau&#8220; _builder_version=&#8220;4.6.6&#8243; box_shadow_style=&#8220;preset3&#8243; button_text_size__hover_enabled=&#8220;off&#8220; button_one_text_size__hover_enabled=&#8220;off&#8220; button_two_text_size__hover_enabled=&#8220;off&#8220; button_text_color__hover_enabled=&#8220;off&#8220; button_one_text_color__hover_enabled=&#8220;off&#8220; button_two_text_color__hover_enabled=&#8220;off&#8220; button_border_width__hover_enabled=&#8220;off&#8220; button_one_border_width__hover_enabled=&#8220;off&#8220; button_two_border_width__hover_enabled=&#8220;off&#8220; button_border_color__hover_enabled=&#8220;off&#8220; button_one_border_color__hover_enabled=&#8220;off&#8220; button_two_border_color__hover_enabled=&#8220;off&#8220; button_border_radius__hover_enabled=&#8220;off&#8220; button_one_border_radius__hover_enabled=&#8220;off&#8220; button_two_border_radius__hover_enabled=&#8220;off&#8220; button_letter_spacing__hover_enabled=&#8220;off&#8220; button_one_letter_spacing__hover_enabled=&#8220;off&#8220; button_two_letter_spacing__hover_enabled=&#8220;off&#8220; button_bg_color__hover_enabled=&#8220;off&#8220; button_one_bg_color__hover_enabled=&#8220;off&#8220; button_two_bg_color__hover_enabled=&#8220;off&#8220;][\/et_pb_button][\/et_pb_column][\/et_pb_row][\/et_pb_section][et_pb_section fb_built=&#8220;1&#8243; fullwidth=&#8220;on&#8220; _builder_version=&#8220;3.22.3&#8243; custom_padding=&#8220;0|0px|0px|0px|false|false&#8220;][et_pb_fullwidth_portfolio title=&#8220;Unsere Maschinen&#8220; include_categories=&#8220;7&#8243; show_date=&#8220;off&#8220; _builder_version=&#8220;3.4&#8243; background_color=&#8220;#f9f9f9&#8243;][\/et_pb_fullwidth_portfolio][\/et_pb_section][et_pb_section fb_built=&#8220;1&#8243; admin_label=&#8220;section&#8220; _builder_version=&#8220;3.22&#8243; background_color=&#8220;#9c1c18&#8243; custom_padding=&#8220;54px|0px|54px|0px|false|false&#8220; transparent_background=&#8220;off&#8220; global_module=&#8220;1355&#8243;][et_pb_row column_structure=&#8220;1_3,2_3&#8243; admin_label=&#8220;row&#8220; _builder_version=&#8220;3.25&#8243; background_size=&#8220;initial&#8220; background_position=&#8220;top_left&#8220; background_repeat=&#8220;repeat&#8220;][et_pb_column type=&#8220;1_3&#8243; _builder_version=&#8220;3.25&#8243; custom_padding=&#8220;|||&#8220; custom_padding__hover=&#8220;|||&#8220;][et_pb_text admin_label=&#8220;Kontaktadresse Footer&#8220; _builder_version=&#8220;4.6.6&#8243; text_font=&#8220;|700|||||||&#8220; background_size=&#8220;initial&#8220; background_position=&#8220;top_left&#8220; background_repeat=&#8220;repeat&#8220; background_layout=&#8220;dark&#8220;]<\/p>\n<h2>Kontakt<\/h2>\n<p>Firma L\u00fchrs Werksvertretung<br \/>Br\u00fcckenweg 6 | 28844 Weyhe<br \/>Tel.: 04203\/78 34 77<br \/>Fax: 04203\/78 34 72<br \/>E-Mail: info@luehrs-werksvertretungen.de<\/p>\n<p>[\/et_pb_text][\/et_pb_column][et_pb_column type=&#8220;2_3&#8243; _builder_version=&#8220;3.25&#8243; custom_padding=&#8220;|||&#8220; custom_padding__hover=&#8220;|||&#8220;][et_pb_contact_form use_spam_service=&#8220;on&#8220; recaptcha_list=&#8220;Holger L\u00fchrs-0&#8243; email=&#8220;info@luehrs-werksvertretungen.de&#8220; title=&#8220;Ihre Nachricht an uns:&#8220; success_message=&#8220;Vielen Dank f\u00fcr Ihre Nachricht. Wir melden uns bei Ihnen. Ihr Team von L\u00fchrs Werksvertretungen&#8220; module_id=&#8220;et_pb_contact_form_0&#8243; _builder_version=&#8220;4.6.6&#8243; form_field_background_color=&#8220;#ffffff&#8220; title_text_color=&#8220;#ffffff&#8220; custom_button=&#8220;on&#8220; button_text_color=&#8220;#9c1c18&#8243; button_bg_color=&#8220;#ffffff&#8220; button_border_color=&#8220;#ffffff&#8220; use_border_color=&#8220;off&#8220; border_color=&#8220;#ffffff&#8220; border_style=&#8220;solid&#8220; input_border_radius=&#8220;0&#8243; form_background_color=&#8220;#ffffff&#8220;][et_pb_contact_field field_id=&#8220;Email&#8220; field_title=&#8220;E-Mail-Adresse&#8220; field_type=&#8220;email&#8220; _builder_version=&#8220;3.16&#8243; button_text_size__hover_enabled=&#8220;off&#8220; button_one_text_size__hover_enabled=&#8220;off&#8220; button_two_text_size__hover_enabled=&#8220;off&#8220; button_text_color__hover_enabled=&#8220;off&#8220; button_one_text_color__hover_enabled=&#8220;off&#8220; button_two_text_color__hover_enabled=&#8220;off&#8220; button_border_width__hover_enabled=&#8220;off&#8220; button_one_border_width__hover_enabled=&#8220;off&#8220; button_two_border_width__hover_enabled=&#8220;off&#8220; button_border_color__hover_enabled=&#8220;off&#8220; button_one_border_color__hover_enabled=&#8220;off&#8220; button_two_border_color__hover_enabled=&#8220;off&#8220; button_border_radius__hover_enabled=&#8220;off&#8220; button_one_border_radius__hover_enabled=&#8220;off&#8220; button_two_border_radius__hover_enabled=&#8220;off&#8220; button_letter_spacing__hover_enabled=&#8220;off&#8220; button_one_letter_spacing__hover_enabled=&#8220;off&#8220; button_two_letter_spacing__hover_enabled=&#8220;off&#8220; button_bg_color__hover_enabled=&#8220;off&#8220; button_one_bg_color__hover_enabled=&#8220;off&#8220; button_two_bg_color__hover_enabled=&#8220;off&#8220;][\/et_pb_contact_field][et_pb_contact_field field_id=&#8220;Nachricht&#8220; field_title=&#8220;Nachricht&#8220; field_type=&#8220;text&#8220; _builder_version=&#8220;3.16&#8243; button_text_size__hover_enabled=&#8220;off&#8220; button_one_text_size__hover_enabled=&#8220;off&#8220; button_two_text_size__hover_enabled=&#8220;off&#8220; button_text_color__hover_enabled=&#8220;off&#8220; button_one_text_color__hover_enabled=&#8220;off&#8220; button_two_text_color__hover_enabled=&#8220;off&#8220; button_border_width__hover_enabled=&#8220;off&#8220; button_one_border_width__hover_enabled=&#8220;off&#8220; button_two_border_width__hover_enabled=&#8220;off&#8220; button_border_color__hover_enabled=&#8220;off&#8220; button_one_border_color__hover_enabled=&#8220;off&#8220; button_two_border_color__hover_enabled=&#8220;off&#8220; button_border_radius__hover_enabled=&#8220;off&#8220; button_one_border_radius__hover_enabled=&#8220;off&#8220; button_two_border_radius__hover_enabled=&#8220;off&#8220; button_letter_spacing__hover_enabled=&#8220;off&#8220; button_one_letter_spacing__hover_enabled=&#8220;off&#8220; button_two_letter_spacing__hover_enabled=&#8220;off&#8220; button_bg_color__hover_enabled=&#8220;off&#8220; button_one_bg_color__hover_enabled=&#8220;off&#8220; button_two_bg_color__hover_enabled=&#8220;off&#8220;][\/et_pb_contact_field][\/et_pb_contact_form][\/et_pb_column][\/et_pb_row][\/et_pb_section]<\/p>\n","protected":false},"excerpt":{"rendered":"<p>[et_pb_section fb_built=&#8220;1&#8243; _builder_version=&#8220;4.6.6&#8243; custom_padding=&#8220;|0px||0px|false|false&#8220;][et_pb_row column_structure=&#8220;1_2,1_2&#8243; _builder_version=&#8220;4.6.6&#8243; background_size=&#8220;initial&#8220; background_position=&#8220;top_left&#8220; background_repeat=&#8220;repeat&#8220; max_height=&#8220;263px&#8220; custom_margin=&#8220;|auto||auto|false|false&#8220; custom_padding=&#8220;7px||||false|false&#8220; animation_style=&#8220;flip&#8220; animation_duration=&#8220;750ms&#8220; animation_delay=&#8220;100ms&#8220; border_width_all=&#8220;4px&#8220; border_color_all=&#8220;#e02b20&#8243; border_style_all=&#8220;double&#8220; box_shadow_style=&#8220;preset1&#8243;][et_pb_column type=&#8220;1_2&#8243; _builder_version=&#8220;4.6.6&#8243; custom_padding=&#8220;|||&#8220; custom_padding__hover=&#8220;|||&#8220;][et_pb_image src=&#8220;https:\/\/www.luehrs-werksvertretungen.de\/wp-content\/uploads\/Verschleissteile.jpg&#8220; title_text=&#8220;Verschlei\u00dfteile&#8220; align=&#8220;center&#8220; align_tablet=&#8220;center&#8220; align_phone=&#8220;&#8220; align_last_edited=&#8220;on|desktop&#8220; _builder_version=&#8220;4.6.6&#8243; module_alignment=&#8220;center&#8220; max_height=&#8220;200px&#8220; custom_padding=&#8220;20px||||false|false&#8220;][\/et_pb_image][\/et_pb_column][et_pb_column type=&#8220;1_2&#8243; _builder_version=&#8220;3.25&#8243; custom_padding=&#8220;|||&#8220; custom_padding__hover=&#8220;|||&#8220;][et_pb_text _builder_version=&#8220;4.6.6&#8243;] &nbsp; Verschlei\u00dfteile im Nachbau: genauso gut, aber g\u00fcnstiger! [\/et_pb_text][et_pb_button button_url=&#8220;https:\/\/www.luehrs-werksvertretungen.de\/index.php\/verschleissteile\/&#8220; button_text=&#8220;Hier mehr erfahren&#8220; button_alignment=&#8220;left&#8220; admin_label=&#8220;Taste: Hier mehr [&hellip;]<\/p>\n","protected":false},"author":1,"featured_media":0,"parent":0,"menu_order":0,"comment_status":"closed","ping_status":"closed","template":"","meta":{"_et_pb_use_builder":"on","_et_pb_old_content":"[et_pb_section bb_built=\"1\"][et_pb_row][\/et_pb_row][\/et_pb_section]","_et_gb_content_width":""},"_links":{"self":[{"href":"https:\/\/www.luehrs-werksvertretungen.de\/index.php\/wp-json\/wp\/v2\/pages\/12"}],"collection":[{"href":"https:\/\/www.luehrs-werksvertretungen.de\/index.php\/wp-json\/wp\/v2\/pages"}],"about":[{"href":"https:\/\/www.luehrs-werksvertretungen.de\/index.php\/wp-json\/wp\/v2\/types\/page"}],"author":[{"embeddable":true,"href":"https:\/\/www.luehrs-werksvertretungen.de\/index.php\/wp-json\/wp\/v2\/users\/1"}],"replies":[{"embeddable":true,"href":"https:\/\/www.luehrs-werksvertretungen.de\/index.php\/wp-json\/wp\/v2\/comments?post=12"}],"version-history":[{"count":146,"href":"https:\/\/www.luehrs-werksvertretungen.de\/index.php\/wp-json\/wp\/v2\/pages\/12\/revisions"}],"predecessor-version":[{"id":6699,"href":"https:\/\/www.luehrs-werksvertretungen.de\/index.php\/wp-json\/wp\/v2\/pages\/12\/revisions\/6699"}],"wp:attachment":[{"href":"https:\/\/www.luehrs-werksvertretungen.de\/index.php\/wp-json\/wp\/v2\/media?parent=12"}],"curies":[{"name":"wp","href":"https:\/\/api.w.org\/{rel}","templated":true}]}}